{"id":209,"date":"2025-08-18T11:48:13","date_gmt":"2025-08-18T11:48:13","guid":{"rendered":"https:\/\/lioux.roussillon-en-provence.com\/?page_id=209"},"modified":"2025-08-18T16:37:17","modified_gmt":"2025-08-18T16:37:17","slug":"mentions-legales","status":"publish","type":"page","link":"https:\/\/lioux.roussillon-en-provence.com\/?page_id=209","title":{"rendered":"Mentions l\u00e9gales"},"content":{"rendered":"\t\t<div data-elementor-type=\"wp-page\" data-elementor-id=\"209\" class=\"elementor elementor-209\">\n\t\t\t\t<div class=\"elementor-element elementor-element-ccb1d44 e-con-full e-flex wpr-particle-no wpr-jarallax-no wpr-parallax-no wpr-sticky-section-no e-con e-parent\" data-id=\"ccb1d44\" data-element_type=\"container\">\n\t\t<div class=\"elementor-element elementor-element-8492ba9 e-con-full e-flex wpr-particle-no wpr-jarallax-no wpr-parallax-no wpr-sticky-section-no e-con e-child\" data-id=\"8492ba9\" data-element_type=\"container\">\n\t\t\t\t<div class=\"elementor-element elementor-element-a0129f0 elementor-widget elementor-widget-heading\" data-id=\"a0129f0\" data-element_type=\"widget\" data-widget_type=\"heading.default\">\n\t\t\t\t\t<h2 class=\"elementor-heading-title elementor-size-default\">Mentions l\u00e9gales<\/h2>\t\t\t\t<\/div>\n\t\t\t\t<\/div>\n\t\t\t\t<div class=\"elementor-element elementor-element-eb8f09d elementor-widget elementor-widget-text-editor\" data-id=\"eb8f09d\" data-element_type=\"widget\" data-widget_type=\"text-editor.default\">\n\t\t\t\t\t\t\t\t\t<div class=\"container coinpage\"><div class=\"row\"><section><div class=\"col-xs-12 col-sm-8 col-md-9 col-lg-9\"><div class=\"coin\"><div class=\"features_items\"><h4 class=\"title text-center\"><strong>Propri\u00e9taire du site<\/strong> :<\/h4><\/div><p>Mme BOURGOGNE Patricia<br \/><strong>Adresse postale : <\/strong>Quartier du Ch\u00e2teau, 84220 LIOUX<\/p><h4>H\u00e9bergement du site<\/h4><p>Ce site est h\u00e9berg\u00e9 chez Evxonline :<br \/>URL : <a href=\"https:\/\/www.evxonline.com\" target=\"_blank\" rel=\"noopener\">https:\/\/www.evxonline.com<\/a><br \/>Evxonline appartient \u00e0\u00a0 la SARL Wevox (Capital : 25 000 \u20ac) <br \/>Wevox est situ\u00e9 3 rue de Franche Comt\u00e9,CS 50311, 50103 Cherbourg-en-Cotentin<\/p><h4>Informatique et libert\u00e9s :<\/h4><p>La propri\u00e9taire de ce site s&rsquo;engage \u00e0 ce que les informations recueillies, qu&rsquo;elles proviennent de ce site ou d&rsquo;\u00e9changes priv\u00e9s sur son adresse e-mail ne soient utilis\u00e9es qu&rsquo;\u00e0 des fins internes.<br \/>Il est \u00e0 noter que cette confidentialit\u00e9 peut \u00eatre suspendue, dans le cadre de proc\u00e9dures judiciaires ou fiscales, et la propri\u00e9taire de ce site peut \u00eatre dans l&rsquo;obligation de communiquer \u00e0 des autorit\u00e9s publiques les donn\u00e9es personnelles en sa possession, sans que sa responsabilit\u00e9 ne puisse \u00eatre engag\u00e9e.<br \/>Conform\u00e9ment \u00e0 la loi \u00ab informatique et libert\u00e9s \u00bb, relative \u00e0 l&rsquo;informatique, aux fichiers et aux libert\u00e9s, vous disposez d&rsquo;un droit d&rsquo;acc\u00e8s, de rectification aux donn\u00e9es vous concernant.<br \/>Vous pouvez exercer ce droit en contactant Patricia BOURGOGNE, <a href=\"mailto:Direction@tresors-de-provence.com?subject=Gestion de mes donn\u00e9es personnelles\">Direction@roussillon-en-provence.com.<\/a><\/p><h4><strong>Cr\u00e9dits<\/strong><\/h4><p><strong>Photographies, images et logos<\/strong> : Les photographies, images et logos pr\u00e9sents sur ce site, autres que ceux fournis par les partenaires du site, sont la propri\u00e9t\u00e9 de Mme BOURGOGNE Patricia et ne peuvent \u00eatre copi\u00e9s ou utilis\u00e9s, m\u00eame gratuitement, sans son accord \u00e9crit.<\/p><p><strong>Concept et production<\/strong> : Site internet con\u00e7u et r\u00e9alis\u00e9 par Mme Patricia Bourgogne.<\/p><\/div><\/div><\/section><\/div><\/div>\t\t\t\t\t\t\t\t<\/div>\n\t\t\t\t<\/div>\n\t\t\t\t<\/div>\n\t\t","protected":false},"excerpt":{"rendered":"<p>Mentions l\u00e9gales Propri\u00e9taire du site : Mme BOURGOGNE PatriciaAdresse postale : Quartier du Ch\u00e2teau, 84220 LIOUX H\u00e9bergement du site Ce site est h\u00e9berg\u00e9 chez Evxonline :URL : https:\/\/www.evxonline.comEvxonline appartient \u00e0\u00a0 la SARL Wevox (Capital : 25 000 \u20ac) Wevox est situ\u00e9 3 rue de Franche Comt\u00e9,CS 50311, 50103 Cherbourg-en-Cotentin Informatique et libert\u00e9s : La propri\u00e9taire de ce site s&rsquo;engage \u00e0 ce que les informations recueillies, qu&rsquo;elles proviennent de ce site ou d&rsquo;\u00e9changes priv\u00e9s sur son adresse e-mail ne soient utilis\u00e9es qu&rsquo;\u00e0 des fins internes.Il est \u00e0 noter que cette confidentialit\u00e9 peut \u00eatre suspendue, dans le cadre de proc\u00e9dures judiciaires ou fiscales, et la propri\u00e9taire de ce site peut \u00eatre dans l&rsquo;obligation de communiquer \u00e0 des autorit\u00e9s publiques les donn\u00e9es personnelles en sa possession, sans que sa responsabilit\u00e9 ne puisse \u00eatre engag\u00e9e.Conform\u00e9ment \u00e0 la loi \u00ab informatique et libert\u00e9s \u00bb, relative \u00e0 l&rsquo;informatique, aux fichiers et aux libert\u00e9s, vous disposez d&rsquo;un droit d&rsquo;acc\u00e8s, de rectification aux donn\u00e9es vous concernant.Vous pouvez exercer ce droit en contactant Patricia BOURGOGNE, Direction@roussillon-en-provence.com. Cr\u00e9dits Photographies, images et logos : Les photographies, images et logos pr\u00e9sents sur ce site, autres que ceux fournis par les partenaires du site, sont la propri\u00e9t\u00e9 de Mme BOURGOGNE Patricia et ne peuvent \u00eatre copi\u00e9s ou utilis\u00e9s, m\u00eame gratuitement, sans son accord \u00e9crit. Concept et production : Site internet con\u00e7u et r\u00e9alis\u00e9 par Mme Patricia Bourgogne.<\/p>\n","protected":false},"author":1,"featured_media":0,"parent":0,"menu_order":0,"comment_status":"closed","ping_status":"closed","template":"","meta":{"site-sidebar-layout":"no-sidebar","site-content-layout":"","ast-site-content-layout":"full-width-container","site-content-style":"default","site-sidebar-style":"default","ast-global-header-display":"","ast-banner-title-visibility":"","ast-main-header-display":"","ast-hfb-above-header-display":"","ast-hfb-below-header-display":"","ast-hfb-mobile-header-display":"","site-post-title":"","ast-breadcrumbs-content":"","ast-featured-img":"disabled","footer-sml-layout":"","ast-disable-related-posts":"","theme-transparent-header-meta":"","adv-header-id-meta":"","stick-header-meta":"","header-above-stick-meta":"","header-main-stick-meta":"","header-below-stick-meta":"","astra-migrate-meta-layouts":"default","ast-page-background-enabled":"default","ast-page-background-meta":{"desktop":{"background-color":"var(--ast-global-color-5)","background-image":"","background-repeat":"repeat","background-position":"center center","background-size":"auto","background-attachment":"scroll","background-type":"","background-media":"","overlay-type":"","overlay-color":"","overlay-opacity":"","overlay-gradient":""},"tablet":{"background-color":"","background-image":"","background-repeat":"repeat","background-position":"center center","background-size":"auto","background-attachment":"scroll","background-type":"","background-media":"","overlay-type":"","overlay-color":"","overlay-opacity":"","overlay-gradient":""},"mobile":{"background-color":"","background-image":"","background-repeat":"repeat","background-position":"center center","background-size":"auto","background-attachment":"scroll","background-type":"","background-media":"","overlay-type":"","overlay-color":"","overlay-opacity":"","overlay-gradient":""}},"ast-content-background-meta":{"desktop":{"background-color":"var(--ast-global-color-4)","background-image":"","background-repeat":"repeat","background-position":"center center","background-size":"auto","background-attachment":"scroll","background-type":"","background-media":"","overlay-type":"","overlay-color":"","overlay-opacity":"","overlay-gradient":""},"tablet":{"background-color":"var(--ast-global-color-4)","background-image":"","background-repeat":"repeat","background-position":"center center","background-size":"auto","background-attachment":"scroll","background-type":"","background-media":"","overlay-type":"","overlay-color":"","overlay-opacity":"","overlay-gradient":""},"mobile":{"background-color":"var(--ast-global-color-4)","background-image":"","background-repeat":"repeat","background-position":"center center","background-size":"auto","background-attachment":"scroll","background-type":"","background-media":"","overlay-type":"","overlay-color":"","overlay-opacity":"","overlay-gradient":""}},"footnotes":""},"class_list":["post-209","page","type-page","status-publish","hentry"],"_links":{"self":[{"href":"https:\/\/lioux.roussillon-en-provence.com\/index.php?rest_route=\/wp\/v2\/pages\/209","targetHints":{"allow":["GET"]}}],"collection":[{"href":"https:\/\/lioux.roussillon-en-provence.com\/index.php?rest_route=\/wp\/v2\/pages"}],"about":[{"href":"https:\/\/lioux.roussillon-en-provence.com\/index.php?rest_route=\/wp\/v2\/types\/page"}],"author":[{"embeddable":true,"href":"https:\/\/lioux.roussillon-en-provence.com\/index.php?rest_route=\/wp\/v2\/users\/1"}],"replies":[{"embeddable":true,"href":"https:\/\/lioux.roussillon-en-provence.com\/index.php?rest_route=%2Fwp%2Fv2%2Fcomments&post=209"}],"version-history":[{"count":13,"href":"https:\/\/lioux.roussillon-en-provence.com\/index.php?rest_route=\/wp\/v2\/pages\/209\/revisions"}],"predecessor-version":[{"id":239,"href":"https:\/\/lioux.roussillon-en-provence.com\/index.php?rest_route=\/wp\/v2\/pages\/209\/revisions\/239"}],"wp:attachment":[{"href":"https:\/\/lioux.roussillon-en-provence.com\/index.php?rest_route=%2Fwp%2Fv2%2Fmedia&parent=209"}],"curies":[{"name":"wp","href":"https:\/\/api.w.org\/{rel}","templated":true}]}}